{"id":107,"date":"2023-05-15T16:32:38","date_gmt":"2023-05-15T14:32:38","guid":{"rendered":"http:\/\/adventure-vision.fr\/?page_id=107"},"modified":"2023-05-30T16:01:46","modified_gmt":"2023-05-30T14:01:46","slug":"nos-solutions","status":"publish","type":"page","link":"https:\/\/adventure-vision.fr\/index.php\/nos-solutions\/","title":{"rendered":"Les Solutions ADventure"},"content":{"rendered":"\n<p>Directement plugg\u00e9es sur vos progiciels m\u00e9tiers pour des mises \u00e0 jour en temps r\u00e9el, ou via une architecture interm\u00e9diaire simple, il y aura toujours une solution ADventure pour que vous regardiez au bon endroit.<\/p>\n\n\n\n<p class=\"has-black-color has-text-color has-large-font-size\"><strong>POWER PIVOT<\/strong><\/p>\n\n\n<div class=\"wp-block-image\">\n<figure class=\"alignright size-large is-resized\"><img loading=\"lazy\" decoding=\"async\" src=\"http:\/\/adventure-vision.fr\/wp-content\/uploads\/2023\/05\/Logo-Power-Pivot-1024x1024.png\" alt=\"\" class=\"wp-image-129\" width=\"142\" height=\"142\" srcset=\"https:\/\/adventure-vision.fr\/wp-content\/uploads\/2023\/05\/Logo-Power-Pivot-1024x1024.png 1024w, https:\/\/adventure-vision.fr\/wp-content\/uploads\/2023\/05\/Logo-Power-Pivot-300x300.png 300w, https:\/\/adventure-vision.fr\/wp-content\/uploads\/2023\/05\/Logo-Power-Pivot-150x150.png 150w, https:\/\/adventure-vision.fr\/wp-content\/uploads\/2023\/05\/Logo-Power-Pivot-768x768.png 768w, https:\/\/adventure-vision.fr\/wp-content\/uploads\/2023\/05\/Logo-Power-Pivot-1536x1536.png 1536w, https:\/\/adventure-vision.fr\/wp-content\/uploads\/2023\/05\/Logo-Power-Pivot-2048x2048.png 2048w, https:\/\/adventure-vision.fr\/wp-content\/uploads\/2023\/05\/Logo-Power-Pivot-2000x2000.png 2000w\" sizes=\"auto, (max-width: 142px) 100vw, 142px\" \/><\/figure>\n<\/div>\n\n\n<p class=\"has-text-align-left\">Power Pivot est un compl\u00e9ment gratuit d&#8217;Excel. Il est m\u00e9connu mais permet pourtant de faire ses premiers pas dans l&#8217;analyse de donn\u00e9es, dans une interface Excel rassurante. Si vous avez des comp\u00e9tences en Tableaux Crois\u00e9s Dynamiques, Power Pivot sera l&#8217;outil id\u00e9al pour la cr\u00e9ation de vos premiers reportons avanc\u00e9s, et la d\u00e9finition de vos principaux indicateurs cl\u00e9s.<\/p>\n\n\n\n<figure class=\"wp-block-image size-large\"><img loading=\"lazy\" decoding=\"async\" width=\"1024\" height=\"652\" src=\"http:\/\/adventure-vision.fr\/wp-content\/uploads\/2023\/05\/Capture-MCD-1024x652.png\" alt=\"\" class=\"wp-image-54\" srcset=\"https:\/\/adventure-vision.fr\/wp-content\/uploads\/2023\/05\/Capture-MCD-1024x652.png 1024w, https:\/\/adventure-vision.fr\/wp-content\/uploads\/2023\/05\/Capture-MCD-300x191.png 300w, https:\/\/adventure-vision.fr\/wp-content\/uploads\/2023\/05\/Capture-MCD-768x489.png 768w, https:\/\/adventure-vision.fr\/wp-content\/uploads\/2023\/05\/Capture-MCD-1536x978.png 1536w, https:\/\/adventure-vision.fr\/wp-content\/uploads\/2023\/05\/Capture-MCD.png 1876w\" sizes=\"auto, (max-width: 1024px) 100vw, 1024px\" \/><\/figure>\n\n\n\n<p class=\"has-black-color has-text-color has-large-font-size\"><strong>POWER BI<\/strong><\/p>\n\n\n<div class=\"wp-block-image\">\n<figure class=\"alignright size-large is-resized\"><img loading=\"lazy\" decoding=\"async\" src=\"http:\/\/adventure-vision.fr\/wp-content\/uploads\/2023\/05\/Logo-Power-BI-1024x576.png\" alt=\"\" class=\"wp-image-130\" width=\"200\" height=\"113\" srcset=\"https:\/\/adventure-vision.fr\/wp-content\/uploads\/2023\/05\/Logo-Power-BI-1024x576.png 1024w, https:\/\/adventure-vision.fr\/wp-content\/uploads\/2023\/05\/Logo-Power-BI-300x169.png 300w, https:\/\/adventure-vision.fr\/wp-content\/uploads\/2023\/05\/Logo-Power-BI-768x432.png 768w, https:\/\/adventure-vision.fr\/wp-content\/uploads\/2023\/05\/Logo-Power-BI-1536x864.png 1536w, https:\/\/adventure-vision.fr\/wp-content\/uploads\/2023\/05\/Logo-Power-BI-2048x1152.png 2048w, https:\/\/adventure-vision.fr\/wp-content\/uploads\/2023\/05\/Logo-Power-BI-2000x1125.png 2000w\" sizes=\"auto, (max-width: 200px) 100vw, 200px\" \/><\/figure>\n<\/div>\n\n\n<p>Power BI est le logiciel d&#8217;analyse de donn\u00e9es le plus connu de la suite Microsoft. D\u00e9di\u00e9 \u00e0 un public un peu plus averti il vous permettra des restitutions graphiques de grande qualit\u00e9, avec un fonctionnement compl\u00e8tement dynamique et interactif.<\/p>\n\n\n\n<figure class=\"wp-block-image size-large is-resized\"><img loading=\"lazy\" decoding=\"async\" src=\"http:\/\/adventure-vision.fr\/wp-content\/uploads\/2023\/05\/Capture-PBI-Client-1024x566.png\" alt=\"\" class=\"wp-image-53\" width=\"872\" height=\"482\" srcset=\"https:\/\/adventure-vision.fr\/wp-content\/uploads\/2023\/05\/Capture-PBI-Client-1024x566.png 1024w, https:\/\/adventure-vision.fr\/wp-content\/uploads\/2023\/05\/Capture-PBI-Client-300x166.png 300w, https:\/\/adventure-vision.fr\/wp-content\/uploads\/2023\/05\/Capture-PBI-Client-768x425.png 768w, https:\/\/adventure-vision.fr\/wp-content\/uploads\/2023\/05\/Capture-PBI-Client-1536x849.png 1536w, https:\/\/adventure-vision.fr\/wp-content\/uploads\/2023\/05\/Capture-PBI-Client-2048x1133.png 2048w, https:\/\/adventure-vision.fr\/wp-content\/uploads\/2023\/05\/Capture-PBI-Client-2000x1106.png 2000w\" sizes=\"auto, (max-width: 872px) 100vw, 872px\" \/><\/figure>\n","protected":false},"excerpt":{"rendered":"<p>Directement plugg\u00e9es sur vos progiciels m\u00e9tiers pour des mises \u00e0 jour en temps r\u00e9el, ou via une architecture interm\u00e9diaire simple, il y aura toujours une &hellip;<\/p>\n","protected":false},"author":1,"featured_media":0,"parent":0,"menu_order":0,"comment_status":"closed","ping_status":"closed","template":"","meta":{"footnotes":""},"class_list":["post-107","page","type-page","status-publish","hentry"],"_links":{"self":[{"href":"https:\/\/adventure-vision.fr\/index.php\/wp-json\/wp\/v2\/pages\/107","targetHints":{"allow":["GET"]}}],"collection":[{"href":"https:\/\/adventure-vision.fr\/index.php\/wp-json\/wp\/v2\/pages"}],"about":[{"href":"https:\/\/adventure-vision.fr\/index.php\/wp-json\/wp\/v2\/types\/page"}],"author":[{"embeddable":true,"href":"https:\/\/adventure-vision.fr\/index.php\/wp-json\/wp\/v2\/users\/1"}],"replies":[{"embeddable":true,"href":"https:\/\/adventure-vision.fr\/index.php\/wp-json\/wp\/v2\/comments?post=107"}],"version-history":[{"count":9,"href":"https:\/\/adventure-vision.fr\/index.php\/wp-json\/wp\/v2\/pages\/107\/revisions"}],"predecessor-version":[{"id":133,"href":"https:\/\/adventure-vision.fr\/index.php\/wp-json\/wp\/v2\/pages\/107\/revisions\/133"}],"wp:attachment":[{"href":"https:\/\/adventure-vision.fr\/index.php\/wp-json\/wp\/v2\/media?parent=107"}],"curies":[{"name":"wp","href":"https:\/\/api.w.org\/{rel}","templated":true}]}}