{"id":15,"date":"2023-05-15T11:30:42","date_gmt":"2023-05-15T09:30:42","guid":{"rendered":"http:\/\/adventure-vision.fr\/?page_id=15"},"modified":"2023-05-30T16:06:22","modified_gmt":"2023-05-30T14:06:22","slug":"beaux-portfolios-pour-des-creatifs-exceptionnels","status":"publish","type":"page","link":"https:\/\/adventure-vision.fr\/","title":{"rendered":"25 ans d&#8217;exp\u00e9rience en gestion au service de l&#8217;analyse de donn\u00e9es"},"content":{"rendered":"\n<p class=\"has-text-align-left has-medium-font-size\"><meta charset=\"utf-8\">A partir d&#8217;outils gratuits comme des compl\u00e9ments d&#8217;Excel, jusqu&#8217;aux plateformes BI les plus \u00e9labor\u00e9es, ADventure d\u00e9veloppe pour vous des solutions d&#8217;analyse de donn\u00e9es pragmatiques et sur mesure, adapt\u00e9es \u00e0 votre besoin.<\/p>\n\n\n\n<div style=\"height:55px\" aria-hidden=\"true\" class=\"wp-block-spacer\"><\/div>\n\n\n\n<div class=\"wp-block-group alignfull has-background\" style=\"background-color:#e5e9ec\"><div class=\"wp-block-group__inner-container is-layout-flow wp-block-group-is-layout-flow\">\n<div class=\"wp-block-columns is-layout-flex wp-container-core-columns-is-layout-9d6595d7 wp-block-columns-is-layout-flex\">\n<div class=\"wp-block-column is-vertically-aligned-center is-layout-flow wp-block-column-is-layout-flow\">\n<h2 class=\"wp-block-heading\">Antoine DOR\u00c9<\/h2>\n\n\n\n<p>Ing\u00e9nieur g\u00e9n\u00e9raliste et titulaire d&#8217;un Master en Administration des Entreprises, j&#8217;ai \u00e9volu\u00e9 dans l&#8217;industrie pendant toute ma carri\u00e8re.<\/p>\n\n\n\n<p>Orient\u00e9 &#8220;Terrain&#8221; et &#8220;Performance Industrielle&#8221;, j&#8217;ai occup\u00e9 toutes les fonctions op\u00e9rationnelles jusqu&#8217;\u00e0 la Direction G\u00e9n\u00e9rale d&#8217;une PME de 180 salari\u00e9s.<\/p>\n\n\n\n<p>Convaincu par le potentiel des ERP et l&#8217;analyse de donn\u00e9es pour contr\u00f4ler la trajectoire de mon entreprise, j&#8217;ai d\u00e9velopp\u00e9 &#8211; en parall\u00e8le de mes fonctions op\u00e9rationnelles &#8211; une culture BI qui me permet de vous proposer des solutions pragmatiques et adapt\u00e9es \u00e0 vos besoins et probl\u00e9matiques.<\/p>\n\n\n\n<div class=\"wp-block-buttons is-horizontal is-content-justification-left is-layout-flex wp-container-core-buttons-is-layout-7e5fce0a wp-block-buttons-is-layout-flex\">\n<div class=\"wp-block-button is-style-outline is-style-outline--1\"><a class=\"wp-block-button__link wp-element-button\" href=\"http:\/\/adventure-vision.fr\/index.php\/qui-sommes-nous\/\">QUI SUIS-JE ?<\/a><\/div>\n<\/div>\n\n\n\n<p><\/p>\n<\/div>\n\n\n\n<div class=\"wp-block-column is-layout-flow wp-block-column-is-layout-flow\">\n<div style=\"height:48px\" aria-hidden=\"true\" class=\"wp-block-spacer\"><\/div>\n<\/div>\n<\/div>\n<\/div><\/div>\n\n\n\n<div class=\"wp-block-group alignfull\"><div class=\"wp-block-group__inner-container is-layout-flow wp-block-group-is-layout-flow\">\n<div class=\"wp-block-columns are-vertically-aligned-center is-layout-flex wp-container-core-columns-is-layout-9d6595d7 wp-block-columns-is-layout-flex\">\n<div class=\"wp-block-column is-vertically-aligned-center is-layout-flow wp-block-column-is-layout-flow\">\n<div style=\"height:48px\" aria-hidden=\"true\" class=\"wp-block-spacer\"><\/div>\n\n\n\n<figure class=\"wp-block-image size-large\"><img loading=\"lazy\" decoding=\"async\" width=\"1024\" height=\"559\" src=\"http:\/\/adventure-vision.fr\/wp-content\/uploads\/2023\/05\/Capture-PBI-Export-1024x559.png\" alt=\"\" class=\"wp-image-52\" srcset=\"https:\/\/adventure-vision.fr\/wp-content\/uploads\/2023\/05\/Capture-PBI-Export-1024x559.png 1024w, https:\/\/adventure-vision.fr\/wp-content\/uploads\/2023\/05\/Capture-PBI-Export-300x164.png 300w, https:\/\/adventure-vision.fr\/wp-content\/uploads\/2023\/05\/Capture-PBI-Export-768x419.png 768w, https:\/\/adventure-vision.fr\/wp-content\/uploads\/2023\/05\/Capture-PBI-Export-1536x839.png 1536w, https:\/\/adventure-vision.fr\/wp-content\/uploads\/2023\/05\/Capture-PBI-Export-2048x1118.png 2048w, https:\/\/adventure-vision.fr\/wp-content\/uploads\/2023\/05\/Capture-PBI-Export-2000x1092.png 2000w\" sizes=\"auto, (max-width: 1024px) 100vw, 1024px\" \/><\/figure>\n<\/div>\n\n\n\n<div class=\"wp-block-column is-vertically-aligned-center is-layout-flow wp-block-column-is-layout-flow\">\n<h2 class=\"wp-block-heading\">Nos Solutions<\/h2>\n\n\n\n<p>D&#8217;outils communs gratuits, aux plateformes BI les plus \u00e9labor\u00e9es, ADventure vous accompagne dans le choix de la solution la plus adapt\u00e9e \u00e0 votre besoin et votre budget.<\/p>\n\n\n\n<p>Pour mieux vous conseiller chaque mission ADventure d\u00e9marre par un diagnostic.<\/p>\n\n\n\n<div class=\"wp-block-buttons is-layout-flex wp-block-buttons-is-layout-flex\">\n<div class=\"wp-block-button is-style-outline is-style-outline--2\"><a class=\"wp-block-button__link wp-element-button\" href=\"http:\/\/adventure-vision.fr\/index.php\/nos-solutions\/\">LES SOLUTIONS ADventure<\/a><\/div>\n<\/div>\n<\/div>\n<\/div>\n<\/div><\/div>\n\n\n\n<div class=\"wp-block-group alignfull has-black-background-color has-background\"><div class=\"wp-block-group__inner-container is-layout-flow wp-block-group-is-layout-flow\">\n<h2 class=\"wp-block-heading has-text-align-center has-white-color has-text-color\">Nos R\u00e9alisations<\/h2>\n\n\n\n<figure class=\"wp-block-gallery aligncenter has-nested-images columns-default is-cropped wp-block-gallery-3 is-layout-flex wp-block-gallery-is-layout-flex\">\n<figure class=\"wp-block-image size-large\"><img loading=\"lazy\" decoding=\"async\" width=\"1024\" height=\"566\" data-id=\"53\" src=\"http:\/\/adventure-vision.fr\/wp-content\/uploads\/2023\/05\/Capture-PBI-Client-1024x566.png\" alt=\"\" class=\"wp-image-53\" srcset=\"https:\/\/adventure-vision.fr\/wp-content\/uploads\/2023\/05\/Capture-PBI-Client-1024x566.png 1024w, https:\/\/adventure-vision.fr\/wp-content\/uploads\/2023\/05\/Capture-PBI-Client-300x166.png 300w, https:\/\/adventure-vision.fr\/wp-content\/uploads\/2023\/05\/Capture-PBI-Client-768x425.png 768w, https:\/\/adventure-vision.fr\/wp-content\/uploads\/2023\/05\/Capture-PBI-Client-1536x849.png 1536w, https:\/\/adventure-vision.fr\/wp-content\/uploads\/2023\/05\/Capture-PBI-Client-2048x1133.png 2048w, https:\/\/adventure-vision.fr\/wp-content\/uploads\/2023\/05\/Capture-PBI-Client-2000x1106.png 2000w\" sizes=\"auto, (max-width: 1024px) 100vw, 1024px\" \/><\/figure>\n\n\n\n<figure class=\"wp-block-image size-large\"><img loading=\"lazy\" decoding=\"async\" width=\"1024\" height=\"652\" data-id=\"54\" src=\"http:\/\/adventure-vision.fr\/wp-content\/uploads\/2023\/05\/Capture-MCD-1024x652.png\" alt=\"\" class=\"wp-image-54\" srcset=\"https:\/\/adventure-vision.fr\/wp-content\/uploads\/2023\/05\/Capture-MCD-1024x652.png 1024w, https:\/\/adventure-vision.fr\/wp-content\/uploads\/2023\/05\/Capture-MCD-300x191.png 300w, https:\/\/adventure-vision.fr\/wp-content\/uploads\/2023\/05\/Capture-MCD-768x489.png 768w, https:\/\/adventure-vision.fr\/wp-content\/uploads\/2023\/05\/Capture-MCD-1536x978.png 1536w, https:\/\/adventure-vision.fr\/wp-content\/uploads\/2023\/05\/Capture-MCD.png 1876w\" sizes=\"auto, (max-width: 1024px) 100vw, 1024px\" \/><\/figure>\n\n\n\n<figure class=\"wp-block-image size-large\"><img loading=\"lazy\" decoding=\"async\" width=\"1024\" height=\"559\" data-id=\"52\" src=\"http:\/\/adventure-vision.fr\/wp-content\/uploads\/2023\/05\/Capture-PBI-Export-1024x559.png\" alt=\"\" class=\"wp-image-52\" srcset=\"https:\/\/adventure-vision.fr\/wp-content\/uploads\/2023\/05\/Capture-PBI-Export-1024x559.png 1024w, https:\/\/adventure-vision.fr\/wp-content\/uploads\/2023\/05\/Capture-PBI-Export-300x164.png 300w, https:\/\/adventure-vision.fr\/wp-content\/uploads\/2023\/05\/Capture-PBI-Export-768x419.png 768w, https:\/\/adventure-vision.fr\/wp-content\/uploads\/2023\/05\/Capture-PBI-Export-1536x839.png 1536w, https:\/\/adventure-vision.fr\/wp-content\/uploads\/2023\/05\/Capture-PBI-Export-2048x1118.png 2048w, https:\/\/adventure-vision.fr\/wp-content\/uploads\/2023\/05\/Capture-PBI-Export-2000x1092.png 2000w\" sizes=\"auto, (max-width: 1024px) 100vw, 1024px\" \/><\/figure>\n\n\n\n<figure class=\"wp-block-image size-large\"><img decoding=\"async\" data-id=\"25\" src=\"http:\/\/adventure-vision.fr\/wp-content\/themes\/inspiro\/assets\/images\/StockSnap_CXVCF2NNWJ.jpg\" alt=\"\" class=\"wp-image-25\"\/><\/figure>\n\n\n\n<figure class=\"wp-block-image size-large\"><img decoding=\"async\" data-id=\"24\" src=\"http:\/\/adventure-vision.fr\/wp-content\/themes\/inspiro\/assets\/images\/StockSnap_89BQZ89TLH.jpg\" alt=\"\" class=\"wp-image-24\"\/><\/figure>\n\n\n\n<figure class=\"wp-block-image size-large\"><img decoding=\"async\" data-id=\"29\" src=\"http:\/\/adventure-vision.fr\/wp-content\/themes\/inspiro\/assets\/images\/StockSnap_PGXCCTCLB5.jpg\" alt=\"\" class=\"wp-image-29\"\/><\/figure>\n<\/figure>\n<\/div><\/div>\n\n\n\n<div class=\"wp-block-cover alignfull has-parallax is-position-center-center\" style=\"min-height:375px;aspect-ratio:unset;\"><span aria-hidden=\"true\" class=\"wp-block-cover__background has-black-background-color has-background-dim-40 has-background-dim\"><\/span><div role=\"img\" class=\"wp-block-cover__image-background wp-image-24 has-parallax\" style=\"background-position:50% 50%;background-image:url(http:\/\/adventure-vision.fr\/wp-content\/themes\/inspiro\/assets\/images\/StockSnap_89BQZ89TLH.jpg)\"><\/div><div class=\"wp-block-cover__inner-container is-layout-flow wp-block-cover-is-layout-flow\">\n<p class=\"has-text-align-center has-text-color has-huge-font-size\" style=\"color:#fffffa;line-height:1.1\"><strong>Unleash your creativity with Inspiro<\/strong><\/p>\n\n\n\n<p class=\"has-text-align-center\"><\/p>\n\n\n\n<div style=\"height:39px\" aria-hidden=\"true\" class=\"wp-block-spacer\"><\/div>\n\n\n\n<div class=\"wp-block-buttons is-horizontal is-content-justification-center is-layout-flex wp-container-core-buttons-is-layout-499968f5 wp-block-buttons-is-layout-flex\">\n<div class=\"wp-block-button is-style-outline is-style-outline--4\"><a class=\"wp-block-button__link has-white-color has-text-color wp-element-button\" href=\"#\">Contact us<\/a><\/div>\n<\/div>\n<\/div><\/div>\n","protected":false},"excerpt":{"rendered":"<p>A partir d&#8217;outils gratuits comme des compl\u00e9ments d&#8217;Excel, jusqu&#8217;aux plateformes BI les plus \u00e9labor\u00e9es, ADventure d\u00e9veloppe pour vous des solutions d&#8217;analyse de donn\u00e9es pragmatiques et &hellip;<\/p>\n","protected":false},"author":1,"featured_media":14,"parent":0,"menu_order":0,"comment_status":"closed","ping_status":"closed","template":"","meta":{"footnotes":""},"class_list":["post-15","page","type-page","status-publish","has-post-thumbnail","hentry"],"_links":{"self":[{"href":"https:\/\/adventure-vision.fr\/index.php\/wp-json\/wp\/v2\/pages\/15","targetHints":{"allow":["GET"]}}],"collection":[{"href":"https:\/\/adventure-vision.fr\/index.php\/wp-json\/wp\/v2\/pages"}],"about":[{"href":"https:\/\/adventure-vision.fr\/index.php\/wp-json\/wp\/v2\/types\/page"}],"author":[{"embeddable":true,"href":"https:\/\/adventure-vision.fr\/index.php\/wp-json\/wp\/v2\/users\/1"}],"replies":[{"embeddable":true,"href":"https:\/\/adventure-vision.fr\/index.php\/wp-json\/wp\/v2\/comments?post=15"}],"version-history":[{"count":23,"href":"https:\/\/adventure-vision.fr\/index.php\/wp-json\/wp\/v2\/pages\/15\/revisions"}],"predecessor-version":[{"id":142,"href":"https:\/\/adventure-vision.fr\/index.php\/wp-json\/wp\/v2\/pages\/15\/revisions\/142"}],"wp:featuredmedia":[{"embeddable":true,"href":"https:\/\/adventure-vision.fr\/index.php\/wp-json\/wp\/v2\/media\/14"}],"wp:attachment":[{"href":"https:\/\/adventure-vision.fr\/index.php\/wp-json\/wp\/v2\/media?parent=15"}],"curies":[{"name":"wp","href":"https:\/\/api.w.org\/{rel}","templated":true}]}}